{"id":443,"date":"2017-09-04T18:33:46","date_gmt":"2017-09-04T16:33:46","guid":{"rendered":"http:\/\/www.eugigufo.net\/it\/?page_id=443"},"modified":"2017-09-04T18:33:46","modified_gmt":"2017-09-04T16:33:46","slug":"emailreklama","status":"publish","type":"page","link":"https:\/\/eugigufo.net\/it\/emailreklama\/","title":{"rendered":"Per le e-mail sulla pubblicit\u00e0"},"content":{"rendered":"","protected":false},"excerpt":{"rendered":"<p>Da questa pagina \u00e8 possibile scrivere a Eugi Gufo per tutte le proposte e domande circa la pubblicit\u00e0 sul suo sito.<\/p>\n","protected":false},"author":1,"featured_media":0,"parent":0,"menu_order":0,"comment_status":"closed","ping_status":"closed","template":"emailreklama.php","meta":{"footnotes":""},"class_list":["post-443","page","type-page","status-publish","hentry"],"_links":{"self":[{"href":"https:\/\/eugigufo.net\/it\/wp-json\/wp\/v2\/pages\/443","targetHints":{"allow":["GET"]}}],"collection":[{"href":"https:\/\/eugigufo.net\/it\/wp-json\/wp\/v2\/pages"}],"about":[{"href":"https:\/\/eugigufo.net\/it\/wp-json\/wp\/v2\/types\/page"}],"author":[{"embeddable":true,"href":"https:\/\/eugigufo.net\/it\/wp-json\/wp\/v2\/users\/1"}],"replies":[{"embeddable":true,"href":"https:\/\/eugigufo.net\/it\/wp-json\/wp\/v2\/comments?post=443"}],"version-history":[{"count":0,"href":"https:\/\/eugigufo.net\/it\/wp-json\/wp\/v2\/pages\/443\/revisions"}],"wp:attachment":[{"href":"https:\/\/eugigufo.net\/it\/wp-json\/wp\/v2\/media?parent=443"}],"curies":[{"name":"wp","href":"https:\/\/api.w.org\/{rel}","templated":true}]}}