{"id":360,"date":"2017-08-31T17:11:21","date_gmt":"2017-08-31T15:11:21","guid":{"rendered":"http:\/\/www.eugigufo.net\/it\/?page_id=360"},"modified":"2025-05-16T14:32:27","modified_gmt":"2025-05-16T12:32:27","slug":"gamesdos","status":"publish","type":"page","link":"https:\/\/eugigufo.net\/it\/download\/gamesdos\/","title":{"rendered":"I giochi per DOS"},"content":{"rendered":"<table width=\"100%\" border=\"0\" cellspacing=\"5\" cellpadding=\"0\">\n<tr>\n<td valign=\"top\">Metto a&nbsp;disposizione dei visitatori la&nbsp;mia collezione personale dei giochi per l&rsquo;ambiente DOS. Magari a&nbsp;qualcuno viene la&nbsp;voglia di&nbsp;ricordare la&nbsp;propria giovinezza o&nbsp;scoprire come si&nbsp;divertiva la&nbsp;gente 20&nbsp;anni&nbsp;fa, prima dell&rsquo;esodo di&nbsp;massa verso l&rsquo;internet.<\/p>\n<p>\t\t\t\t   Scegliete la&nbsp;modalit&aacute; di&nbsp;visualizzazione dell&#8217;elenco:<\/p>\n<p>                   <center><a href=\"https:\/\/eugigufo.net\/it\/download\/gamesdos\/gdostotalist\/\">L&#8217;elenco generale<\/a>&nbsp;&#8211; <a href=\"#1\" onclick=\"inverse_elem('tr1_0');\">L&#8217;indice alfabetico<\/a>&nbsp;&#8211; <a href=\"#1\" onclick=\"inverse_elem('tr2_0');\">Per&nbsp;generi<\/a>&nbsp;&#8211; <a href=\"https:\/\/eugigufo.net\/it\/download\/gamesdos\/gdoscreenshot\/\">Con i&nbsp;screenshot<\/a><\/center><\/td>\n<\/tr>\n<tr id=\"tr1_0\" style=\"display: none\">\n<td align=\"center\" valign=\"middle\" height=\"40\" class=\"bg6cen\">&nbsp;&nbsp;<a href=\"https:\/\/eugigufo.net\/it\/download\/gamesdos\/gdosa\/\">&nbsp;A<\/a> <a href=\"https:\/\/eugigufo.net\/it\/download\/gamesdos\/gdosb\/\">&nbsp;B<\/a> <a href=\"https:\/\/eugigufo.net\/it\/download\/gamesdos\/gdosc\/\">&nbsp;C<\/a> <a href=\"https:\/\/eugigufo.net\/it\/download\/gamesdos\/gdosd\/\">&nbsp;D<\/a> <a href=\"https:\/\/eugigufo.net\/it\/download\/gamesdos\/gdose\/\">&nbsp;E<\/a> <a href=\"https:\/\/eugigufo.net\/it\/download\/gamesdos\/gdosf\/\">&nbsp;F<\/a> <a href=\"https:\/\/eugigufo.net\/it\/download\/gamesdos\/gdosg\/\">&nbsp;G<\/a> <a href=\"https:\/\/eugigufo.net\/it\/download\/gamesdos\/gdosh\/\">&nbsp;H<\/a> &nbsp;I <a href=\"https:\/\/eugigufo.net\/it\/download\/gamesdos\/gdosj\/\">&nbsp;J<\/a> <a href=\"https:\/\/eugigufo.net\/it\/download\/gamesdos\/gdosk\/\">&nbsp;K<\/a> <a href=\"https:\/\/eugigufo.net\/it\/download\/gamesdos\/gdosl\/\">&nbsp;L<\/a> <a href=\"https:\/\/eugigufo.net\/it\/download\/gamesdos\/gdosm\/\">&nbsp;M<\/a> <a href=\"https:\/\/eugigufo.net\/it\/download\/gamesdos\/gdosn\/\">&nbsp;N<\/a> <a href=\"https:\/\/eugigufo.net\/it\/download\/gamesdos\/gdoso\/\">&nbsp;O<\/a> <a href=\"https:\/\/eugigufo.net\/it\/download\/gamesdos\/gdosp\/\">&nbsp;P<\/a> &nbsp;Q <a href=\"https:\/\/eugigufo.net\/it\/download\/gamesdos\/gdosr\/\">&nbsp;R<\/a> <a href=\"https:\/\/eugigufo.net\/it\/download\/gamesdos\/gdoss\/\">&nbsp;S<\/a> <a href=\"https:\/\/eugigufo.net\/it\/download\/gamesdos\/gdost\/\">&nbsp;T<\/a> <a href=\"https:\/\/eugigufo.net\/it\/download\/gamesdos\/gdosu\/\">&nbsp;U<\/a> &nbsp;V <a href=\"https:\/\/eugigufo.net\/it\/download\/gamesdos\/gdosw\/\">&nbsp;W<\/a> <a href=\"https:\/\/eugigufo.net\/it\/download\/gamesdos\/gdosx\/\">&nbsp;X<\/a> &nbsp;Y &nbsp;Z&nbsp;&nbsp;<\/td>\n<\/tr>\n<tr id=\"tr2_0\" style=\"display: none\">\n<td align=\"center\" valign=\"middle\" height=\"40\">&nbsp;<a href=\"https:\/\/eugigufo.net\/it\/download\/gamesdos\/gdosarcade\/\">Arcades<\/a>&nbsp;&#8211; <a href=\"https:\/\/eugigufo.net\/it\/download\/gamesdos\/gdosquest\/\">Quests<\/a>&nbsp;&#8211; <a href=\"https:\/\/eugigufo.net\/it\/download\/gamesdos\/gdoslogic\/\">Di logica<\/a>&nbsp;&#8211; <a href=\"https:\/\/eugigufo.net\/it\/download\/gamesdos\/gdospuzzle\/\">Puzzles<\/a>&nbsp;&#8211; <a href=\"https:\/\/eugigufo.net\/it\/download\/gamesdos\/gdossimulator\/\">Simulatori<\/a>&nbsp;&#8211; <a href=\"https:\/\/eugigufo.net\/it\/download\/gamesdos\/gdosstrategy\/\">Strategici<\/a>&nbsp;&#8211; <a href=\"https:\/\/eugigufo.net\/it\/download\/gamesdos\/gdosadult\/\">Per&nbsp;adulti<\/a><\/td>\n<\/tr>\n<\/table>\n<table class=\"dosgameslist\">\n<tbody>\n<tr>\n<td class=\"razdeldosgames\">NOME<\/td>\n<td class=\"razdeldosgames\">FORMATO<\/td>\n<td class=\"razdeldosgames\">INFO<\/td>\n<\/tr>\n<tr>\n<td><a href=\"https:\/\/eugigufo.net\/files\/gamesdos\/games\/hex2.zip\">Hexxagon 2<\/a><\/td>\n<td>.zip&nbsp;&#8211;&nbsp;556 kb<\/td>\n<td>uscito nel&nbsp;1992&#8211;1993<\/td>\n<\/tr>\n<tr>\n<td><a href=\"https:\/\/eugigufo.net\/files\/gamesdos\/games\/pacman1.zip\">Pac-Man 1<\/a><\/td>\n<td>.zip&nbsp;&#8211;&nbsp;7&nbsp;kb<\/td>\n<td>uscito nel&nbsp;1983<\/td>\n<\/tr>\n<tr>\n<td><a href=\"https:\/\/eugigufo.net\/files\/gamesdos\/games\/prince_of_persia1.zip\">Prince of Persia 1<\/a><\/td>\n<td>.zip&nbsp;&#8211;&nbsp;608&nbsp;kb<\/td>\n<td>uscito nel&nbsp;1990<\/td>\n<\/tr>\n<\/tbody>\n<\/table>\n<p>Mentre i&nbsp;miei preferiti sono questi:<\/p>\n<table class=\"dosgameslist\">\n<tbody>\n<tr>\n<td class=\"razdeldosgames\">NOME<\/td>\n<td class=\"razdeldosgames\">FORMATO<\/td>\n<td class=\"razdeldosgames\">INFO<\/td>\n<\/tr>\n<tr>\n<td><a href=\"https:\/\/eugigufo.net\/files\/gamesdos\/games\/lotus3.zip\">Lotus&nbsp;3<\/a><\/td>\n<td>*.zip&nbsp;&#8211;&nbsp;1.028&nbsp;kb<\/td>\n<td>uscito nel&nbsp;1993<\/td>\n<\/tr>\n<tr>\n<td><a href=\"https:\/\/eugigufo.net\/files\/gamesdos\/games\/prince_of_persia1.zip\">Prince of&nbsp;Persia&nbsp;1<\/a><\/td>\n<td>*.zip&nbsp;&#8211;&nbsp;608&nbsp;kb<\/td>\n<td>uscito nel&nbsp;1990<\/td>\n<\/tr>\n<tr>\n<td><a href=\"https:\/\/eugigufo.net\/files\/gamesdos\/games\/hex2.zip\">Hexxagon&nbsp;2<\/a><\/td>\n<td>*.zip&nbsp;&#8211;&nbsp;556&nbsp;kb<\/td>\n<td>uscito nel&nbsp;1992&#8211;1993<\/td>\n<\/tr>\n<\/tbody>\n<\/table>\n<p>\n<b>BONUS:<\/b> un&nbsp;po&rsquo; di&nbsp;tempo fa&nbsp;ho&nbsp;trovato un&nbsp;videogioco dedicato a&nbsp;Ivan Drago (il&nbsp;vero protagonista di&nbsp;uno dei film su&nbsp;Rocky:) Il&nbsp;gioco ha&nbsp;quattro livelli e&nbsp;ha&nbsp;la&nbsp;grafica che imita quella dei giochi per DOS. Per quanto riguarda il&nbsp;contenuto del gioco, si&nbsp;tratta, ovviamente, di&nbsp;botte&#8230;<br \/>\n&Egrave;&nbsp;possibile scaricarlo cliccando <a href=\"https:\/\/eugigufo.net\/files\/gamesdos\/games\/drago-game.zip\">su&nbsp;questo link<\/a>. E&nbsp;per giocarci basta avere installato sul pc&nbsp;un&nbsp;Flash Player.<\/p>\n<p><center><a href=\"https:\/\/eugigufo.net\/files\/gamesdos\/games\/drago-game.zip\"><img loading=\"lazy\" decoding=\"async\" src=\"https:\/\/eugigufo.net\/files\/gamesdos\/images\/idgame.jpg\" width=\"300\" height=\"209\" border=\"0\"><\/a><\/center><\/p>\n","protected":false},"excerpt":{"rendered":"<p>Da questa sezione del sito \u00e8 possibile scaricare molti dei migliori vecchi giochi per l\u2019ambiente DOS. Si tratta della mia collezione personale che, probabilmente, crescer\u00e0 col tempo. Ma gi\u00e0 ora \u00e8 abbastanza rifornita.<\/p>\n","protected":false},"author":1,"featured_media":0,"parent":61,"menu_order":0,"comment_status":"closed","ping_status":"closed","template":"pager.php","meta":{"footnotes":""},"class_list":["post-360","page","type-page","status-publish","hentry"],"_links":{"self":[{"href":"https:\/\/eugigufo.net\/it\/wp-json\/wp\/v2\/pages\/360","targetHints":{"allow":["GET"]}}],"collection":[{"href":"https:\/\/eugigufo.net\/it\/wp-json\/wp\/v2\/pages"}],"about":[{"href":"https:\/\/eugigufo.net\/it\/wp-json\/wp\/v2\/types\/page"}],"author":[{"embeddable":true,"href":"https:\/\/eugigufo.net\/it\/wp-json\/wp\/v2\/users\/1"}],"replies":[{"embeddable":true,"href":"https:\/\/eugigufo.net\/it\/wp-json\/wp\/v2\/comments?post=360"}],"version-history":[{"count":0,"href":"https:\/\/eugigufo.net\/it\/wp-json\/wp\/v2\/pages\/360\/revisions"}],"up":[{"embeddable":true,"href":"https:\/\/eugigufo.net\/it\/wp-json\/wp\/v2\/pages\/61"}],"wp:attachment":[{"href":"https:\/\/eugigufo.net\/it\/wp-json\/wp\/v2\/media?parent=360"}],"curies":[{"name":"wp","href":"https:\/\/api.w.org\/{rel}","templated":true}]}}